{"id":22,"date":"2018-05-03T15:43:49","date_gmt":"2018-05-03T13:43:49","guid":{"rendered":"http:\/\/www.schlossharmannsdorf.at\/?page_id=22"},"modified":"2024-11-08T07:26:53","modified_gmt":"2024-11-08T06:26:53","slug":"schuettkasten","status":"publish","type":"page","link":"http:\/\/www.schlossharmannsdorf.at\/?page_id=22","title":{"rendered":"Sch\u00fcttkasten"},"content":{"rendered":"\n<p style=\"font-size:17px\"><span style=\"color: #000000;\">Der fr\u00fchbarocke Sch\u00fcttkasten (Getreidespeicher) des Schlosses ist einer der pr\u00e4chtigsten Nieder\u00f6sterreichs und wurde um 1690 von Augustin Freiherr von Mayerberg oder durch dessen Schwiegersohn, Leopold Ignaz Freiherr von Heuel erbaut. Letzterer hatte eine dessen drei T\u00f6chter namens Maria Theresia geehelicht. Das Geb\u00e4ude besteht aus einem Kellergescho\u00df, drei Gescho\u00dfen unter und zwei \u00fcber der Dachtraufe. Eine Besonderheit des Sch\u00fcttkastens ist die Sala Terrena (ebenerdiger repr\u00e4sentativer Gartensaal). Ende des 18. Jahrhunderts wurde der urspr\u00fcngliche Barockstuck entfernt und die Sala Terrena durch qualitativ hochwertige faszinierende Seccomalereien ausgestaltet. Diese werden Johann Baptist Bergl oder einem seiner Sch\u00fcler zugeschrieben.<\/span><\/p>\n\n\n\n<div style=\"height:30px\" aria-hidden=\"true\" class=\"wp-block-spacer\"><\/div>\n\n\n\n<style id=\"bwg-style-0\">    #bwg_container1_0 #bwg_container2_0 .bwg-container-0.bwg-standard-thumbnails {      width: 1752px;              justify-content: center;        margin:0 auto !important;              background-color: rgba(255, 255, 255, 0.00);            padding-left: 2px;      padding-top: 2px;      max-width: 100%;            }        #bwg_container1_0 #bwg_container2_0 .bwg-container-0.bwg-standard-thumbnails .bwg-item {    justify-content: flex-start;      max-width: 350px;            width: 350px !important;          }    #bwg_container1_0 #bwg_container2_0 .bwg-container-0.bwg-standard-thumbnails .bwg-item a {       margin-right: 2px;       margin-bottom: 2px;    }    #bwg_container1_0 #bwg_container2_0 .bwg-container-0.bwg-standard-thumbnails .bwg-item0 {      padding: 0px;            background-color:rgba(255,255,255, 0.30);      border: 0px none #CCCCCC;      opacity: 1.00;      border-radius: 0;      box-shadow: ;    }    #bwg_container1_0 #bwg_container2_0 .bwg-container-0.bwg-standard-thumbnails .bwg-item1 img {      max-height: none;      max-width: none;      padding: 0 !important;    }        @media only screen and (min-width: 480px) {      #bwg_container1_0 #bwg_container2_0 .bwg-container-0.bwg-standard-thumbnails .bwg-item0 {        transition: all 0.3s ease 0s;-webkit-transition: all 0.3s ease 0s;      }      #bwg_container1_0 #bwg_container2_0 .bwg-container-0.bwg-standard-thumbnails .bwg-item0:hover {        -ms-transform: scale(1.08);        -webkit-transform: scale(1.08);        transform: scale(1.08);      }    }          #bwg_container1_0 #bwg_container2_0 .bwg-container-0.bwg-standard-thumbnails .bwg-item1 {      padding-top: 72%;    }        #bwg_container1_0 #bwg_container2_0 .bwg-container-0.bwg-standard-thumbnails .bwg-title2,    #bwg_container1_0 #bwg_container2_0 .bwg-container-0.bwg-standard-thumbnails .bwg-ecommerce2 {      color: #CCCCCC;      font-family: Ubuntu;      font-size: 16px;      font-weight: bold;      padding: 2px;      text-shadow: 0px 0px 0px #888888;      max-height: 100%;    }    #bwg_container1_0 #bwg_container2_0 .bwg-container-0.bwg-standard-thumbnails .bwg-thumb-description span {    color: #323A45;    font-family: Ubuntu;    font-size: 12px;    max-height: 100%;    word-wrap: break-word;    }    #bwg_container1_0 #bwg_container2_0 .bwg-container-0.bwg-standard-thumbnails .bwg-play-icon2 {      font-size: 32px;    }    #bwg_container1_0 #bwg_container2_0 .bwg-container-0.bwg-standard-thumbnails .bwg-ecommerce2 {      font-size: 19.2px;      color: #CCCCCC;    }    <\/style>    <div id=\"bwg_container1_0\"         class=\"bwg_container bwg_thumbnail bwg_thumbnails \"         data-right-click-protection=\"0\"         data-bwg=\"0\"         data-scroll=\"0\"         data-gallery-type=\"thumbnails\"         data-gallery-view-type=\"thumbnails\"         data-current-url=\"\/index.php?rest_route=%2Fwp%2Fv2%2Fpages%2F22\"         data-lightbox-url=\"http:\/\/www.schlossharmannsdorf.at\/wp-admin\/admin-ajax.php?action=GalleryBox&#038;current_view=0&#038;gallery_id=6&#038;tag=0&#038;theme_id=1&#038;shortcode_id=28&#038;sort_by=order&#038;order_by=asc&#038;current_url=%2Findex.php%3Frest_route%3D%252Fwp%252Fv2%252Fpages%252F22\"         data-gallery-id=\"6\"         data-popup-width=\"800\"         data-popup-height=\"500\"         data-is-album=\"gallery\"         data-buttons-position=\"bottom\">      <div id=\"bwg_container2_0\">             <div id=\"ajax_loading_0\" class=\"bwg_loading_div_1\">      <div class=\"bwg_loading_div_2\">        <div class=\"bwg_loading_div_3\">          <div id=\"loading_div_0\" class=\"bwg_spider_ajax_loading\">          <\/div>        <\/div>      <\/div>    <\/div>            <form id=\"gal_front_form_0\"              class=\"bwg-hidden\"              method=\"post\"              action=\"#\"              data-current=\"0\"              data-shortcode-id=\"28\"              data-gallery-type=\"thumbnails\"              data-gallery-id=\"6\"              data-tag=\"0\"              data-album-id=\"0\"              data-theme-id=\"1\"              data-ajax-url=\"http:\/\/www.schlossharmannsdorf.at\/wp-admin\/admin-ajax.php?action=bwg_frontend_data\">          <div id=\"bwg_container3_0\" class=\"bwg-background bwg-background-0\">                <div data-max-count=\"5\"         data-thumbnail-width=\"350\"         data-bwg=\"0\"         data-gallery-id=\"6\"         data-lightbox-url=\"http:\/\/www.schlossharmannsdorf.at\/wp-admin\/admin-ajax.php?action=GalleryBox&amp;current_view=0&amp;gallery_id=6&amp;tag=0&amp;theme_id=1&amp;shortcode_id=28&amp;sort_by=order&amp;order_by=asc&amp;current_url=%2Findex.php%3Frest_route%3D%252Fwp%252Fv2%252Fpages%252F22\"         id=\"bwg_thumbnails_0\"         class=\"bwg-container-0 bwg-thumbnails bwg-standard-thumbnails bwg-container bwg-border-box\">            <div class=\"bwg-item\">        <a class=\"bwg-a  bwg_lightbox\"  data-image-id=\"75\" href=\"http:\/\/www.schlossharmannsdorf.at\/wp-content\/uploads\/photo-gallery\/imported_from_media_libray\/Salaterena%20(1).jpg\" data-elementor-open-lightbox=\"no\">                <div class=\"bwg-item0 \">          <div class=\"bwg-item1 \">            <div class=\"bwg-item2\">              <img decoding=\"async\" class=\"skip-lazy bwg_standart_thumb_img_0 \"                   data-id=\"75\"                   data-width=\"\"                   data-height=\"\"                   data-src=\"http:\/\/www.schlossharmannsdorf.at\/wp-content\/uploads\/photo-gallery\/imported_from_media_libray\/thumb\/Salaterena%20(1).jpg\"                   src=\"http:\/\/www.schlossharmannsdorf.at\/wp-content\/uploads\/photo-gallery\/imported_from_media_libray\/thumb\/Salaterena%20(1).jpg\"                   alt=\"\"                   title=\"\" \/>            <\/div>            <div class=\"\">                                                      <\/div>          <\/div>        <\/div>                <div class=\"bwg-title1\"><div class=\"bwg-title2\">&nbsp;<\/div><\/div>        <\/a>              <\/div>            <div class=\"bwg-item\">        <a class=\"bwg-a  bwg_lightbox\"  data-image-id=\"73\" href=\"http:\/\/www.schlossharmannsdorf.at\/wp-content\/uploads\/photo-gallery\/imported_from_media_libray\/Sch\u00fcttkasten2_bearbeitet.jpg\" data-elementor-open-lightbox=\"no\">                <div class=\"bwg-item0 \">          <div class=\"bwg-item1 \">            <div class=\"bwg-item2\">              <img decoding=\"async\" class=\"skip-lazy bwg_standart_thumb_img_0 \"                   data-id=\"73\"                   data-width=\"\"                   data-height=\"\"                   data-src=\"http:\/\/www.schlossharmannsdorf.at\/wp-content\/uploads\/photo-gallery\/imported_from_media_libray\/thumb\/Sch\u00fcttkasten2_bearbeitet.jpg\"                   src=\"http:\/\/www.schlossharmannsdorf.at\/wp-content\/uploads\/photo-gallery\/imported_from_media_libray\/thumb\/Sch\u00fcttkasten2_bearbeitet.jpg\"                   alt=\"\"                   title=\"\" \/>            <\/div>            <div class=\"\">                                                      <\/div>          <\/div>        <\/div>                <div class=\"bwg-title1\"><div class=\"bwg-title2\">&nbsp;<\/div><\/div>        <\/a>              <\/div>          <\/div>    <style>      \/*pagination styles*\/      #bwg_container1_0 #bwg_container2_0 .tablenav-pages_0 {\t\t\t\ttext-align: center;\t\t\t\tfont-size: 12px;\t\t\t\tfont-family: segoe ui;\t\t\t\tfont-weight: bold;\t\t\t\tcolor: #666666;\t\t\t\tmargin: 6px 0 4px;\t\t\t\tdisplay: block;      }      @media only screen and (max-width : 320px) {      #bwg_container1_0 #bwg_container2_0 .displaying-num_0 {     \t display: none;      }      }      #bwg_container1_0 #bwg_container2_0 .displaying-num_0 {\t\t\t\tfont-size: 12px;\t\t\t\tfont-family: segoe ui;\t\t\t\tfont-weight: bold;\t\t\t\tcolor: #666666;\t\t\t\tmargin-right: 10px;\t\t\t\tvertical-align: middle;      }      #bwg_container1_0 #bwg_container2_0 .paging-input_0 {\t\t\t\tfont-size: 12px;\t\t\t\tfont-family: segoe ui;\t\t\t\tfont-weight: bold;\t\t\t\tcolor: #666666;\t\t\t\tvertical-align: middle;      }      #bwg_container1_0 #bwg_container2_0 .tablenav-pages_0 a.disabled,      #bwg_container1_0 #bwg_container2_0 .tablenav-pages_0 a.disabled:hover,      #bwg_container1_0 #bwg_container2_0 .tablenav-pages_0 a.disabled:focus,\t\t\t#bwg_container1_0 #bwg_container2_0 .tablenav-pages_0 input.bwg_current_page {\t\t\t\tcursor: default;\t\t\t\tcolor: rgba(102, 102, 102, 0.5);      }      #bwg_container1_0 #bwg_container2_0 .tablenav-pages_0 a,      #bwg_container1_0 #bwg_container2_0 .tablenav-pages_0 input.bwg_current_page {\t\t\t\tcursor: pointer;\t\t\t\ttext-align: center;\t\t\t\tfont-size: 12px;\t\t\t\tfont-family: segoe ui;\t\t\t\tfont-weight: bold;\t\t\t\tcolor: #666666;\t\t\t\ttext-decoration: none;\t\t\t\tpadding: 3px 6px;\t\t\t\tmargin: 0;\t\t\t\tborder-radius: 0;\t\t\t\tborder-style: solid;\t\t\t\tborder-width: 1px;\t\t\t\tborder-color: #E3E3E3;\t\t\t\t\t\t\t\tbackground-color: rgba(255, 255, 255, 1.00);\t\t\t\tbox-shadow: 0;\t\t\t\ttransition: all 0.3s ease 0s;-webkit-transition: all 0.3s ease 0s;      }      <\/style>      <span class=\"bwg_nav_cont_0\">              <div class=\"tablenav-pages_0\">                  <\/div>                <input type=\"hidden\" id=\"page_number_0\" name=\"page_number_0\" value=\"1\" \/>      <script type=\"text\/javascript\">        if( jQuery('.bwg_nav_cont_0').length > 1 ) {          jQuery('.bwg_nav_cont_0').first().remove()        }        function spider_page_0(cur, x, y, load_more) {          if (typeof load_more == \"undefined\") {            var load_more = false;          }          if (jQuery(cur).hasClass('disabled')) {            return false;          }          var items_county_0 = 1;          switch (y) {            case 1:              if (x >= items_county_0) {                document.getElementById('page_number_0').value = items_county_0;              }              else {                document.getElementById('page_number_0').value = x + 1;              }              break;            case 2:              document.getElementById('page_number_0').value = items_county_0;              break;            case -1:              if (x == 1) {                document.getElementById('page_number_0').value = 1;              }              else {                document.getElementById('page_number_0').value = x - 1;              }              break;            case -2:              document.getElementById('page_number_0').value = 1;              break;\t\t\t\t\t\tcase 0:              document.getElementById('page_number_0').value = x;              break;            default:              document.getElementById('page_number_0').value = 1;          }          bwg_ajax('gal_front_form_0', '0', 'bwg_thumbnails_0', '0', '', 'gallery', 0, '', '', load_more, '', 1);        }                    jQuery('.first-page-0').on('click', function () {              spider_page_0(this, 1, -2, 'numeric');              return false;            });            jQuery('.prev-page-0').on('click', function () {              spider_page_0(this, 1, -1, 'numeric');              return false;            });            jQuery('.next-page-0').on('click', function () {              spider_page_0(this, 1, 1, 'numeric');              return false;            });            jQuery('.last-page-0').on('click', function () {              spider_page_0(this, 1, 2, 'numeric');              return false;            });        \t\t\t\t\/* Change page on input enter. *\/        function bwg_change_page_0( e, that ) {          if (  e.key == 'Enter' ) {            var to_page = parseInt(jQuery(that).val());            var pages_count = jQuery(that).parents(\".pagination-links\").data(\"pages-count\");            var current_url_param = jQuery(that).attr('data-url-info');            if (to_page > pages_count) {              to_page = 1;            }\t \t\t\t\t\t\t\t\t\t\t\t\tspider_page_0(this, to_page, 0, 'numeric');\t\t\t\t\t\t\treturn false;\t\t\t\t\t\t          }          return true;        }        jQuery('.bwg_load_btn_0').on('click', function () {            spider_page_0(this, 1, 1, true);            return false;        });      <\/script>      <\/span>                <\/div>        <\/form>        <style>          #bwg_container1_0 #bwg_container2_0 #spider_popup_overlay_0 {          background-color: #EEEEEE;          opacity: 0.60;          }          <\/style>        <div id=\"bwg_spider_popup_loading_0\" class=\"bwg_spider_popup_loading\"><\/div>        <div id=\"spider_popup_overlay_0\" class=\"spider_popup_overlay\" onclick=\"spider_destroypopup(1000)\"><\/div>        <input type=\"hidden\" id=\"bwg_random_seed_0\" value=\"2112793495\">                <\/div>    <\/div>    <script>      if (document.readyState === 'complete') {        if( typeof bwg_main_ready == 'function' ) {          if ( jQuery(\"#bwg_container1_0\").height() ) {            bwg_main_ready(jQuery(\"#bwg_container1_0\"));          }        }      } else {        document.addEventListener('DOMContentLoaded', function() {          if( typeof bwg_main_ready == 'function' ) {            if ( jQuery(\"#bwg_container1_0\").height() ) {             bwg_main_ready(jQuery(\"#bwg_container1_0\"));            }          }        });      }    <\/script>    \n\n\n\n<p style=\"font-size:17px\"><span style=\"color: #000000;\">Die Secco- und Freskomalereien zeigen illusionistische exotische Landschaften. Sie erwecken den Anschein des \u00dcbergangs in den Schlosspark und symbolisieren dadurch den Sieg der Natur \u00fcber die Architektur (Naturalismus). Bereits im Barock haben hier Veranstaltungen stattgefunden. In Nebenr\u00e4umen befinden sich noch Rauchk\u00fcche und Backofen. Auch Bertha von Suttner hatte in der Sala Terrena mit ihrem sp\u00e4teren Ehemann und dessen Geschwistern Theater gespielt.&nbsp;Dieser Gartensaal ist ein besonders sch\u00f6ner Rahmen f\u00fcr das j\u00e4hrlich stattfindende Allegro Vivo Kammermusikkonzert, Theaterauff\u00fchrungen, Vernissagen, Symposien sowie Hochzeits- und Familienfeierlichkeiten.<\/span><\/p>\n\n\n\n<p style=\"font-size:17px\"><span style=\"color: #000000;\">Die jetzigen Besitzer haben Sala Terrena, Nebenr\u00e4ume, Dach und Fassaden zwischen 2004 und 2009 wieder instandgesetzt und Sanit\u00e4ranlagen installiert. Der Sch\u00fcttkasten wird seither dem Internationalen Bertha von Suttner Verein unentgeltlich f\u00fcr Veranstaltungen zur Verf\u00fcgung gestellt.<\/span> <\/p>\n\n\n\n<p class=\"has-black-color has-text-color has-link-color wp-elements-9ecf569d1d5899dba8c4b08ad3bce4be\" style=\"font-size:17px\">Dar\u00fcber hinaus kann dieser auch f\u00fcr Veranstaltungen, wie Trauungsfeiern oder Fotoshootings angemietet werden, siehe <a href=\"http:\/\/www.schlossharmannsdorf.at\/?page_id=268\" data-type=\"page\" data-id=\"268\"><mark style=\"background-color:rgba(0, 0, 0, 0)\" class=\"has-inline-color has-black-color\"><strong>Feiern im Schlosspark<\/strong><\/mark><\/a>.<\/p>\n\n\n\n<p><\/p>\n","protected":false},"excerpt":{"rendered":"<p>Der fr\u00fchbarocke Sch\u00fcttkasten (Getreidespeicher) des Schlosses ist einer der pr\u00e4chtigsten Nieder\u00f6sterreichs und wurde um 1690 von Augustin Freiherr von Mayerberg oder durch dessen Schwiegersohn, Leopold Ignaz Freiherr von Heuel erbaut. Letzterer hatte eine dessen drei T\u00f6chter namens Maria Theresia geehelicht. Das Geb\u00e4ude besteht aus einem Kellergescho\u00df, drei Gescho\u00dfen unter und zwei \u00fcber der Dachtraufe. Eine<\/p>\n<footer class=\"entry-footer index-entry\">\n<div class=\"post-social pull-left\"><a href=\"https:\/\/www.facebook.com\/sharer\/sharer.php?u=http%3A%2F%2Fwww.schlossharmannsdorf.at%2F%3Fpage_id%3D22\" target=\"_blank\" class=\"social-icons\"><i class=\"fa fa-facebook\" aria-hidden=\"true\"><\/i><\/a><a href=\"https:\/\/twitter.com\/home?status=http%3A%2F%2Fwww.schlossharmannsdorf.at%2F%3Fpage_id%3D22\" target=\"_blank\" class=\"social-icons\"><i class=\"fa fa-twitter\" aria-hidden=\"true\"><\/i><\/a><a href=\"https:\/\/pinterest.com\/pin\/create\/button\/?url=http%3A%2F%2Fwww.schlossharmannsdorf.at%2F%3Fpage_id%3D22&#038;media=http%3A%2F%2Fwww.schlossharmannsdorf.at%2Fwp-content%2Fuploads%2F2021%2F04%2F20180407_092332.jpg\" target=\"_blank\" class=\"social-icons\"><i class=\"fa fa-pinterest-p\" aria-hidden=\"true\"><\/i><\/a><a href=\"https:\/\/www.linkedin.com\/shareArticle?mini=true&#038;url=http%3A%2F%2Fwww.schlossharmannsdorf.at%2F%3Fpage_id%3D22&#038;title=Sch%C3%BCttkasten\" target=\"_blank\" class=\"social-icons\"><i class=\"fa fa-linkedin\" aria-hidden=\"true\"><\/i><\/a><\/div>\n<p class=\"link-more\"><a href=\"http:\/\/www.schlossharmannsdorf.at\/?page_id=22\" class=\"more-link\">Continue reading <span class=\"meta-nav\">\u2192<\/span><\/a><\/p>\n<\/footer>\n","protected":false},"author":2,"featured_media":334,"parent":0,"menu_order":0,"comment_status":"closed","ping_status":"closed","template":"","meta":{"two_page_speed":[],"footnotes":""},"class_list":["post-22","page","type-page","status-publish","has-post-thumbnail","hentry"],"jetpack_sharing_enabled":true,"_links":{"self":[{"href":"http:\/\/www.schlossharmannsdorf.at\/index.php?rest_route=\/wp\/v2\/pages\/22","targetHints":{"allow":["GET"]}}],"collection":[{"href":"http:\/\/www.schlossharmannsdorf.at\/index.php?rest_route=\/wp\/v2\/pages"}],"about":[{"href":"http:\/\/www.schlossharmannsdorf.at\/index.php?rest_route=\/wp\/v2\/types\/page"}],"author":[{"embeddable":true,"href":"http:\/\/www.schlossharmannsdorf.at\/index.php?rest_route=\/wp\/v2\/users\/2"}],"replies":[{"embeddable":true,"href":"http:\/\/www.schlossharmannsdorf.at\/index.php?rest_route=%2Fwp%2Fv2%2Fcomments&post=22"}],"version-history":[{"count":15,"href":"http:\/\/www.schlossharmannsdorf.at\/index.php?rest_route=\/wp\/v2\/pages\/22\/revisions"}],"predecessor-version":[{"id":558,"href":"http:\/\/www.schlossharmannsdorf.at\/index.php?rest_route=\/wp\/v2\/pages\/22\/revisions\/558"}],"wp:featuredmedia":[{"embeddable":true,"href":"http:\/\/www.schlossharmannsdorf.at\/index.php?rest_route=\/wp\/v2\/media\/334"}],"wp:attachment":[{"href":"http:\/\/www.schlossharmannsdorf.at\/index.php?rest_route=%2Fwp%2Fv2%2Fmedia&parent=22"}],"curies":[{"name":"wp","href":"https:\/\/api.w.org\/{rel}","templated":true}]}}